{"id":52,"date":"2026-01-11T09:33:13","date_gmt":"2026-01-11T09:33:13","guid":{"rendered":"https:\/\/www.lena-seroude.fr\/?page_id=52"},"modified":"2026-01-17T19:04:19","modified_gmt":"2026-01-17T19:04:19","slug":"palmares-2025","status":"publish","type":"page","link":"https:\/\/www.lena-seroude.fr\/index.php\/palmares-2025\/","title":{"rendered":"Palmar\u00e8s 2025"},"content":{"rendered":"\n<blockquote class=\"wp-block-quote is-layout-flow wp-block-quote-is-layout-flow\">\n<p>En amateur \u00e9lite (1m25)&nbsp;: 4<sup>\u00e8me<\/sup> \u00e0 Montlouis, class\u00e9e au Niort Harcourt (79), 4<sup>\u00e8me<\/sup> \u00e0 Niort (79).<\/p>\n\n\n\n<p>En pro 2 (1m30)&nbsp;: 5<sup>\u00e8me<\/sup> au jumping de Challans (85), 2<sup>\u00e8me<\/sup> \u00e0 Poitiers (86), 6<sup>\u00e8me<\/sup> \u00e0 Poitiers (86), 4<sup>\u00e8me<\/sup> \u00e0 Champagn\u00e9 les Marais (85), 8<sup>\u00e8me<\/sup> \u00e0 Niort (79), 9<sup>\u00e8me<\/sup> \u00e0 Royan (17) et 7<sup>\u00e8me<\/sup> \u00e0 Niort (79).<\/p>\n\n\n\n<p>Nous avons gagn\u00e9 le challenge amateur \u00e9lite \u00e0 Poitiers.<\/p>\n<\/blockquote>\n\n\n<div class=\"wp-block-image\">\n<figure class=\"aligncenter size-large is-resized\"><img loading=\"lazy\" decoding=\"async\" width=\"771\" height=\"1024\" src=\"https:\/\/www.lena-seroude.fr\/wp-content\/uploads\/2026\/01\/PHOTO-2026-01-11-13-56-30-771x1024.jpg\" alt=\"\" class=\"wp-image-75\" style=\"width:611px;height:auto\" srcset=\"https:\/\/www.lena-seroude.fr\/wp-content\/uploads\/2026\/01\/PHOTO-2026-01-11-13-56-30-771x1024.jpg 771w, https:\/\/www.lena-seroude.fr\/wp-content\/uploads\/2026\/01\/PHOTO-2026-01-11-13-56-30-226x300.jpg 226w, https:\/\/www.lena-seroude.fr\/wp-content\/uploads\/2026\/01\/PHOTO-2026-01-11-13-56-30-768x1021.jpg 768w, https:\/\/www.lena-seroude.fr\/wp-content\/uploads\/2026\/01\/PHOTO-2026-01-11-13-56-30-1156x1536.jpg 1156w, https:\/\/www.lena-seroude.fr\/wp-content\/uploads\/2026\/01\/PHOTO-2026-01-11-13-56-30.jpg 1204w\" sizes=\"auto, (max-width: 771px) 100vw, 771px\" \/><\/figure>\n<\/div>\n\n<div class=\"wp-block-image\">\n<figure class=\"aligncenter size-full is-resized\"><img loading=\"lazy\" decoding=\"async\" width=\"676\" height=\"901\" src=\"https:\/\/www.lena-seroude.fr\/wp-content\/uploads\/2026\/01\/PHOTO-2026-01-11-13-53-41.jpg\" alt=\"\" class=\"wp-image-106\" style=\"width:622px;height:auto\" srcset=\"https:\/\/www.lena-seroude.fr\/wp-content\/uploads\/2026\/01\/PHOTO-2026-01-11-13-53-41.jpg 676w, https:\/\/www.lena-seroude.fr\/wp-content\/uploads\/2026\/01\/PHOTO-2026-01-11-13-53-41-225x300.jpg 225w\" sizes=\"auto, (max-width: 676px) 100vw, 676px\" \/><\/figure>\n<\/div>\n\n<div class=\"wp-block-image\">\n<figure class=\"aligncenter size-full\"><img loading=\"lazy\" decoding=\"async\" width=\"635\" height=\"423\" src=\"https:\/\/www.lena-seroude.fr\/wp-content\/uploads\/2026\/01\/PHOTO-2026-01-11-15-12-56.jpg\" alt=\"\" class=\"wp-image-108\" srcset=\"https:\/\/www.lena-seroude.fr\/wp-content\/uploads\/2026\/01\/PHOTO-2026-01-11-15-12-56.jpg 635w, https:\/\/www.lena-seroude.fr\/wp-content\/uploads\/2026\/01\/PHOTO-2026-01-11-15-12-56-300x200.jpg 300w\" sizes=\"auto, (max-width: 635px) 100vw, 635px\" \/><\/figure>\n<\/div>\n\n<div class=\"wp-block-image\">\n<figure class=\"aligncenter size-large is-resized\"><img loading=\"lazy\" decoding=\"async\" width=\"1024\" height=\"682\" src=\"https:\/\/www.lena-seroude.fr\/wp-content\/uploads\/2026\/01\/PHOTO-2026-01-11-14-01-28-1024x682.jpg\" alt=\"\" class=\"wp-image-109\" style=\"width:648px;height:auto\" srcset=\"https:\/\/www.lena-seroude.fr\/wp-content\/uploads\/2026\/01\/PHOTO-2026-01-11-14-01-28-1024x682.jpg 1024w, https:\/\/www.lena-seroude.fr\/wp-content\/uploads\/2026\/01\/PHOTO-2026-01-11-14-01-28-300x200.jpg 300w, https:\/\/www.lena-seroude.fr\/wp-content\/uploads\/2026\/01\/PHOTO-2026-01-11-14-01-28-768x512.jpg 768w, https:\/\/www.lena-seroude.fr\/wp-content\/uploads\/2026\/01\/PHOTO-2026-01-11-14-01-28-1536x1023.jpg 1536w, https:\/\/www.lena-seroude.fr\/wp-content\/uploads\/2026\/01\/PHOTO-2026-01-11-14-01-28-930x620.jpg 930w, https:\/\/www.lena-seroude.fr\/wp-content\/uploads\/2026\/01\/PHOTO-2026-01-11-14-01-28.jpg 1600w\" sizes=\"auto, (max-width: 1024px) 100vw, 1024px\" \/><\/figure>\n<\/div>","protected":false},"excerpt":{"rendered":"<p>En amateur \u00e9lite (1m25)&nbsp;: 4\u00e8me \u00e0 Montlouis, class\u00e9e au Niort Harcourt (79), 4\u00e8me \u00e0 Niort (79). En pro 2 (1m30)&nbsp;: 5\u00e8me au jumping de Challans (85), 2\u00e8me \u00e0 Poitiers (86), 6\u00e8me \u00e0 Poitiers (86), 4\u00e8me \u00e0 Champagn\u00e9 les Marais (85), 8\u00e8me \u00e0 Niort (79), 9\u00e8me \u00e0 Royan (17) et 7\u00e8me \u00e0 Niort (79). Nous avons&hellip;&nbsp;<a href=\"https:\/\/www.lena-seroude.fr\/index.php\/palmares-2025\/\" rel=\"bookmark\"><span class=\"screen-reader-text\">Palmar\u00e8s 2025<\/span><\/a><\/p>\n","protected":false},"author":1,"featured_media":0,"parent":0,"menu_order":0,"comment_status":"closed","ping_status":"closed","template":"","meta":{"neve_meta_sidebar":"","neve_meta_container":"","neve_meta_enable_content_width":"","neve_meta_content_width":0,"neve_meta_title_alignment":"","neve_meta_author_avatar":"","neve_post_elements_order":"","neve_meta_disable_header":"","neve_meta_disable_footer":"","neve_meta_disable_title":"","_themeisle_gutenberg_block_has_review":false,"footnotes":""},"class_list":["post-52","page","type-page","status-publish","hentry"],"_links":{"self":[{"href":"https:\/\/www.lena-seroude.fr\/index.php\/wp-json\/wp\/v2\/pages\/52","targetHints":{"allow":["GET"]}}],"collection":[{"href":"https:\/\/www.lena-seroude.fr\/index.php\/wp-json\/wp\/v2\/pages"}],"about":[{"href":"https:\/\/www.lena-seroude.fr\/index.php\/wp-json\/wp\/v2\/types\/page"}],"author":[{"embeddable":true,"href":"https:\/\/www.lena-seroude.fr\/index.php\/wp-json\/wp\/v2\/users\/1"}],"replies":[{"embeddable":true,"href":"https:\/\/www.lena-seroude.fr\/index.php\/wp-json\/wp\/v2\/comments?post=52"}],"version-history":[{"count":4,"href":"https:\/\/www.lena-seroude.fr\/index.php\/wp-json\/wp\/v2\/pages\/52\/revisions"}],"predecessor-version":[{"id":110,"href":"https:\/\/www.lena-seroude.fr\/index.php\/wp-json\/wp\/v2\/pages\/52\/revisions\/110"}],"wp:attachment":[{"href":"https:\/\/www.lena-seroude.fr\/index.php\/wp-json\/wp\/v2\/media?parent=52"}],"curies":[{"name":"wp","href":"https:\/\/api.w.org\/{rel}","templated":true}]}}