{"id":17,"date":"2026-01-02T18:47:26","date_gmt":"2026-01-02T18:47:26","guid":{"rendered":"https:\/\/www.lena-seroude.fr\/index.php\/accueil\/"},"modified":"2026-01-28T19:08:25","modified_gmt":"2026-01-28T19:08:25","slug":"accueil","status":"publish","type":"page","link":"https:\/\/www.lena-seroude.fr\/","title":{"rendered":"Accueil"},"content":{"rendered":"\n<div class=\"wp-block-cover alignfull is-light hestia-clear-top-padding\" style=\"min-height:1481px;aspect-ratio:unset;\"><span aria-hidden=\"true\" class=\"wp-block-cover__background has-white-background-color has-background-dim-100 has-background-dim\"><\/span><div class=\"wp-block-cover__inner-container is-layout-flow wp-block-cover-is-layout-flow\">\n<h2 class=\"wp-block-heading has-text-align-center has-text-color\" style=\"color:#3c4858\">L\u00e9na SEROUDE : en route vers Dinard<\/h2>\n\n\n<div class=\"wp-block-image\">\n<figure class=\"aligncenter size-large\"><img loading=\"lazy\" decoding=\"async\" width=\"683\" height=\"1024\" src=\"https:\/\/www.lena-seroude.fr\/wp-content\/uploads\/2026\/01\/IMG_0806-2-683x1024.jpeg\" alt=\"\" class=\"wp-image-40\" srcset=\"https:\/\/www.lena-seroude.fr\/wp-content\/uploads\/2026\/01\/IMG_0806-2-683x1024.jpeg 683w, https:\/\/www.lena-seroude.fr\/wp-content\/uploads\/2026\/01\/IMG_0806-2-200x300.jpeg 200w, https:\/\/www.lena-seroude.fr\/wp-content\/uploads\/2026\/01\/IMG_0806-2-768x1152.jpeg 768w, https:\/\/www.lena-seroude.fr\/wp-content\/uploads\/2026\/01\/IMG_0806-2-1024x1536.jpeg 1024w, https:\/\/www.lena-seroude.fr\/wp-content\/uploads\/2026\/01\/IMG_0806-2-1365x2048.jpeg 1365w, https:\/\/www.lena-seroude.fr\/wp-content\/uploads\/2026\/01\/IMG_0806-2-scaled.jpeg 1707w\" sizes=\"auto, (max-width: 683px) 100vw, 683px\" \/><\/figure>\n<\/div>\n\n\n<div class=\"wp-block-group\"><div class=\"wp-block-group__inner-container is-layout-constrained wp-block-group-is-layout-constrained\">\n<p class=\"has-text-align-center has-nv-dark-bg-color has-text-color has-background has-link-color has-medium-font-size wp-elements-c4e7eaf01310cb9d2db5419479de2a2b\" style=\"background:linear-gradient(135deg,rgb(6,147,227) 0%,rgb(240,65,184) 84%,rgb(155,81,224) 100%)\"><strong>Pr\u00e9sentation L\u00e9na S\u00e9roude<\/strong><\/p>\n\n\n\n<p class=\"has-text-align-center has-nv-dark-bg-color has-text-color has-background has-link-color has-medium-font-size wp-elements-17072b9c2c2c37254a00152c6460e779\" style=\"background:linear-gradient(135deg,rgb(6,147,227) 0%,rgb(240,65,184) 84%,rgb(155,81,224) 100%)\">J\u2019ai commenc\u00e9 l\u2019\u00e9quitation \u00e0 l\u2019\u00e2ge de 5 ans au sein de l\u2019\u00e9curie de mon P\u00e8re Eric S\u00e9roude, cavalier professionnel de CSO (saut d\u2019obstacles), propri\u00e9taire de l\u2019\u00e9curie familiale et de l\u2019\u00e9levage de la tour de St Secondin \u00e0 c\u00f4t\u00e9 de Poitiers.<\/p>\n\n\n\n<p class=\"has-text-align-center has-nv-dark-bg-color has-text-color has-background has-link-color has-medium-font-size wp-elements-dfa065aeaf08e6405411585b388e3d52\" style=\"background:linear-gradient(135deg,rgb(6,147,227) 0%,rgb(240,65,184) 84%,rgb(155,81,224) 100%)\">Quelques ann\u00e9es plus tard j\u2019ai d\u00e9but\u00e9 les comp\u00e9titions de CSO avec 3 ann\u00e9es \u00e0 poneys puis j\u2019ai d\u00e9but\u00e9 mes premi\u00e8res ann\u00e9es en amateures \u00e0 cheval \u00e0 l\u2019\u00e2ge de 11 ans.<\/p>\n\n\n\n<p class=\"has-text-align-center has-nv-dark-bg-color has-text-color has-background has-link-color has-medium-font-size wp-elements-fcb5c19b78bcb1c79666555209cc497f\" style=\"background:linear-gradient(135deg,rgb(6,147,227) 0%,rgb(240,65,184) 84%,rgb(155,81,224) 100%)\">J\u2019ai particip\u00e9 aux championnats de France amateurs en 2022 et 2025 et j\u2019ai \u00e9galement termin\u00e9 4<sup>\u00e8me<\/sup> au Top Ten en amateurs 2 au Jumping de Bordeaux.<\/p>\n\n\n\n<p class=\"has-text-align-center has-nv-dark-bg-color has-text-color has-background has-link-color has-medium-font-size wp-elements-ddc76b6e0119c14e8f44434b3145d4eb\" style=\"background:linear-gradient(135deg,rgb(6,147,227) 0%,rgb(240,65,184) 84%,rgb(155,81,224) 100%)\">Durant l\u2019ann\u00e9e 2024, j\u2019ai d\u00e9but\u00e9 ma saison avec ma jument Happy Girl de la Tour avec des \u00e9preuves \u00e0 1m10 et nous sommes maintenant ensemble sur des \u00e9preuves \u00e0 1m35.<\/p>\n<\/div><\/div>\n\n\n\n<div class=\"wp-block-columns container is-layout-flex wp-container-core-columns-is-layout-9d6595d7 wp-block-columns-is-layout-flex\">\n<div class=\"wp-block-column is-layout-flow wp-block-column-is-layout-flow\"><div class=\"wp-block-image\">\n<figure class=\"aligncenter size-full is-resized\"><a href=\"https:\/\/www.lena-seroude.fr\/index.php\/pourquoi-dinard\/\"><img loading=\"lazy\" decoding=\"async\" width=\"980\" height=\"488\" src=\"https:\/\/www.lena-seroude.fr\/wp-content\/uploads\/2026\/01\/Logo-1_Jumping-Dinard.jpg\" alt=\"\" class=\"wp-image-83\" style=\"aspect-ratio:2.0083210964268234;width:135px;height:auto\" srcset=\"https:\/\/www.lena-seroude.fr\/wp-content\/uploads\/2026\/01\/Logo-1_Jumping-Dinard.jpg 980w, https:\/\/www.lena-seroude.fr\/wp-content\/uploads\/2026\/01\/Logo-1_Jumping-Dinard-300x149.jpg 300w, https:\/\/www.lena-seroude.fr\/wp-content\/uploads\/2026\/01\/Logo-1_Jumping-Dinard-768x382.jpg 768w\" sizes=\"auto, (max-width: 980px) 100vw, 980px\" \/><\/a><\/figure>\n<\/div>\n\n\n<h5 class=\"wp-block-heading has-text-align-center has-text-color\" style=\"color:#3c4858;font-size:18px\">Pourquoi Dinard<\/h5>\n\n\n\n<p class=\"has-text-align-center has-text-color\" style=\"color:#999999;font-size:14px\"><\/p>\n\n\n\n<div style=\"height:25px\" aria-hidden=\"true\" class=\"wp-block-spacer\"><\/div>\n<\/div>\n\n\n\n<div class=\"wp-block-column is-layout-flow wp-block-column-is-layout-flow\"><div class=\"wp-block-image\">\n<figure class=\"aligncenter size-full is-resized\"><a href=\"https:\/\/www.lena-seroude.fr\/index.php\/palmares-2025\/\"><img loading=\"lazy\" decoding=\"async\" width=\"319\" height=\"461\" src=\"http:\/\/www.lena-seroude.fr\/wp-content\/uploads\/2026\/01\/Coupe.jpg\" alt=\"\" class=\"wp-image-53\" style=\"width:41px;height:auto\" srcset=\"https:\/\/www.lena-seroude.fr\/wp-content\/uploads\/2026\/01\/Coupe.jpg 319w, https:\/\/www.lena-seroude.fr\/wp-content\/uploads\/2026\/01\/Coupe-208x300.jpg 208w\" sizes=\"auto, (max-width: 319px) 100vw, 319px\" \/><\/a><\/figure>\n<\/div>\n\n\n<h5 class=\"wp-block-heading has-text-align-center has-text-color\" style=\"color:#3c4858;font-size:18px\">Palmar\u00e8s 2025<\/h5>\n\n\n\n<p class=\"has-text-align-center has-text-color\" style=\"color:#999999;font-size:14px\"><\/p>\n\n\n\n<div style=\"height:25px\" aria-hidden=\"true\" class=\"wp-block-spacer\"><\/div>\n<\/div>\n\n\n\n<div class=\"wp-block-column is-layout-flow wp-block-column-is-layout-flow\"><div class=\"wp-block-image\">\n<figure class=\"aligncenter size-full is-resized\"><a href=\"https:\/\/www.lena-seroude.fr\/index.php\/jument-happy-girl\/\"><img loading=\"lazy\" decoding=\"async\" width=\"579\" height=\"479\" src=\"https:\/\/www.lena-seroude.fr\/wp-content\/uploads\/2026\/01\/Image-3-1.jpg\" alt=\"\" class=\"wp-image-88\" style=\"aspect-ratio:1.2087793381125405;width:79px;height:auto\" srcset=\"https:\/\/www.lena-seroude.fr\/wp-content\/uploads\/2026\/01\/Image-3-1.jpg 579w, https:\/\/www.lena-seroude.fr\/wp-content\/uploads\/2026\/01\/Image-3-1-300x248.jpg 300w\" sizes=\"auto, (max-width: 579px) 100vw, 579px\" \/><\/a><\/figure>\n<\/div>\n\n\n<h5 class=\"wp-block-heading has-text-align-center has-text-color\" style=\"color:#3c4858;font-size:18px\">Jument Happy Girl<\/h5>\n\n\n\n<p class=\"has-text-align-center has-text-color\" style=\"color:#999999;font-size:14px\"><\/p>\n\n\n\n<div style=\"height:25px\" aria-hidden=\"true\" class=\"wp-block-spacer\"><\/div>\n<\/div>\n<\/div>\n<\/div><\/div>\n\n\n\n<p><\/p>\n","protected":false},"excerpt":{"rendered":"","protected":false},"author":1,"featured_media":0,"parent":0,"menu_order":0,"comment_status":"closed","ping_status":"closed","template":"","meta":{"neve_meta_sidebar":"","neve_meta_container":"","neve_meta_enable_content_width":"","neve_meta_content_width":0,"neve_meta_title_alignment":"","neve_meta_author_avatar":"","neve_post_elements_order":"","neve_meta_disable_header":"","neve_meta_disable_footer":"","neve_meta_disable_title":"","_themeisle_gutenberg_block_has_review":false,"footnotes":""},"class_list":["post-17","page","type-page","status-publish","hentry"],"_links":{"self":[{"href":"https:\/\/www.lena-seroude.fr\/index.php\/wp-json\/wp\/v2\/pages\/17","targetHints":{"allow":["GET"]}}],"collection":[{"href":"https:\/\/www.lena-seroude.fr\/index.php\/wp-json\/wp\/v2\/pages"}],"about":[{"href":"https:\/\/www.lena-seroude.fr\/index.php\/wp-json\/wp\/v2\/types\/page"}],"author":[{"embeddable":true,"href":"https:\/\/www.lena-seroude.fr\/index.php\/wp-json\/wp\/v2\/users\/1"}],"replies":[{"embeddable":true,"href":"https:\/\/www.lena-seroude.fr\/index.php\/wp-json\/wp\/v2\/comments?post=17"}],"version-history":[{"count":11,"href":"https:\/\/www.lena-seroude.fr\/index.php\/wp-json\/wp\/v2\/pages\/17\/revisions"}],"predecessor-version":[{"id":89,"href":"https:\/\/www.lena-seroude.fr\/index.php\/wp-json\/wp\/v2\/pages\/17\/revisions\/89"}],"wp:attachment":[{"href":"https:\/\/www.lena-seroude.fr\/index.php\/wp-json\/wp\/v2\/media?parent=17"}],"curies":[{"name":"wp","href":"https:\/\/api.w.org\/{rel}","templated":true}]}}